{"id":1110,"date":"2023-06-16T09:33:33","date_gmt":"2023-06-16T07:33:33","guid":{"rendered":"http:\/\/blackmountainvillage.com\/?page_id=1110"},"modified":"2023-06-30T11:42:25","modified_gmt":"2023-06-30T09:42:25","slug":"logements","status":"publish","type":"page","link":"https:\/\/blackmountainvillage.com\/index.php\/logements\/","title":{"rendered":"Logements"},"content":{"rendered":"<section class=\"wpb-content-wrapper\"><p>[vc_row full_width=&#8221;stretch_row_content&#8221; equal_height=&#8221;yes&#8221; content_placement=&#8221;middle&#8221;][vc_column width=&#8221;1\/2&#8243; offset=&#8221;vc_col-lg-3\/5 vc_col-md-12 vc_col-xs-12&#8243;]<div class=\"sc_section aligncenter\"><div class=\"sc_section_inner\"><div class=\"sc_section_content_wrap\">[vc_gallery type=&#8221;nivo&#8221; interval=&#8221;3&#8243; images=&#8221;1299,1300,1301,1302,1303,1304,1305,1306,1307,1308,1309,1310,1312,1313,1314,1315,1316,1317,1318,1319&#8243; img_size=&#8221;full&#8221; el_class=&#8221;pict-log&#8221;]<\/div><\/div><\/div>[\/vc_column][vc_column width=&#8221;1\/2&#8243; offset=&#8221;vc_col-lg-2\/5 vc_col-md-12 vc_col-xs-12&#8243;]<div class=\"sc_section\" style=\"max-width: 100%; height: auto;font-weight:400;\"><div class=\"sc_section_inner\"><h2 class=\"sc_section_title sc_item_title sc_item_title_without_descr\">Chalet N\u00b05<\/h2><div class=\"sc_section_content_wrap\">[vc_row_inner content_placement=&#8221;top&#8221;][vc_column_inner width=&#8221;5\/6&#8243;][vc_column_text css=&#8221;.vc_custom_1688115390130{padding-bottom: 10px !important;}&#8221;]<span style=\"color: #993300;\">G\u00eete ind\u00e9pendant comprenant au rez-de-chauss\u00e9e: un s\u00e9jour avec un coin salon et une cuisine ouverte. Une premi\u00e8re chambre avec un lit en 140&#215;190. Une salle d&#8217;eau ind\u00e9pendante avec douche, lavabo et WC. A l&#8217;\u00e9tage une mezzanine disposant de 2 lits 80&#215;190. Equipement b\u00e9b\u00e9 sur demande. Le g\u00eete dispose d&#8217;une terrasse priv\u00e9e avec mobilier de jardin pour se d\u00e9tendre ou prendre ses repas en plein air. Barbecue individuel. Parking priv\u00e9 \u00e0 l&#8217;int\u00e9rieur de la propri\u00e9t\u00e9. Les animaux domestiques sont accept\u00e9s moyennant un suppl\u00e9ment. Les draps et les serviettes sont en option. Chevaux en paddock: 4\u20ac\/jour\/cheval.<\/span>[\/vc_column_text]<i class=\"fa left fa- fa-check-square-o faa-pulse animated \" style=\"color:#f40000;\"><\/i>\n                Taille du chalet : 39 m2[vc_empty_space height=&#8221;3px&#8221;]<i class=\"fa left fa- fa-check-square-o faa-pulse animated \" style=\"color:#f73900;\"><\/i>\n                1 chambre[vc_empty_space height=&#8221;3px&#8221;]<i class=\"fa left fa- fa-check-square-o faa-pulse animated \" style=\"color:#f73900;\"><\/i>\n                Capacit\u00e9 4\/6 pers.[vc_empty_space height=&#8221;3px&#8221;]<i class=\"fa left fa- fa-check-square-o faa-pulse animated \" style=\"color:#f73900;\"><\/i>\n                Cuisine \u00e9quip\u00e9e[vc_empty_space height=&#8221;3px&#8221;]<i class=\"fa left fa- fa-check-square-o faa-pulse animated \" style=\"color:#f73900;\"><\/i>\n                Animaux accept\u00e9s[vc_empty_space height=&#8221;10px&#8221;][vc_btn title=&#8221;RESERVEZ&#8221; color=&#8221;danger&#8221; size=&#8221;lg&#8221; i_icon_fontawesome=&#8221;fas fa-home&#8221; css_animation=&#8221;bounceInRight&#8221; add_icon=&#8221;true&#8221; link=&#8221;url:https%3A%2F%2Fbookingpremium.secureholiday.net%2Ffr%2F17818%2Fsearch%2Fproduct-list|title:Reservation%20Black%20Mountain%20Village|target:_blank&#8221;][\/vc_column_inner][\/vc_row_inner]<\/div><\/div><\/div>[\/vc_column][\/vc_row][vc_row full_width=&#8221;stretch_row_content&#8221; equal_height=&#8221;yes&#8221; content_placement=&#8221;middle&#8221;][vc_column width=&#8221;1\/2&#8243; offset=&#8221;vc_col-lg-3\/5 vc_col-md-12 vc_col-xs-12&#8243;]<div class=\"sc_section aligncenter\"><div class=\"sc_section_inner\"><div class=\"sc_section_content_wrap\">[vc_gallery type=&#8221;nivo&#8221; interval=&#8221;3&#8243; images=&#8221;1299,1319,1318,1317,1316,1315,1314,1313,1312,1310,1309,1308,1307,1306,1305,1304,1303,1302,1301,1300&#8243; img_size=&#8221;full&#8221; el_class=&#8221;pict-log&#8221;]<\/div><\/div><\/div>[\/vc_column][vc_column width=&#8221;1\/2&#8243; offset=&#8221;vc_col-lg-2\/5 vc_col-md-12 vc_col-xs-12&#8243;]<div class=\"sc_section\" style=\"max-width: 100%; height: auto;font-weight:400;\"><div class=\"sc_section_inner\"><h2 class=\"sc_section_title sc_item_title sc_item_title_without_descr\">Chalet N\u00b07<\/h2><div class=\"sc_section_content_wrap\"><\/div><\/div><\/div>[vc_row_inner content_placement=&#8221;top&#8221;][vc_column_inner width=&#8221;5\/6&#8243;][vc_column_text css=&#8221;.vc_custom_1688118053145{padding-bottom: 10px !important;}&#8221;]<span style=\"color: #993300;\">G\u00eete ind\u00e9pendant comprenant au rez-de-chauss\u00e9e: un s\u00e9jour avec un coin salon et une cuisine ouverte. Une premi\u00e8re chambre avec un lit en 140&#215;190. Une salle d&#8217;eau ind\u00e9pendante avec douche, lavabo et WC. A l&#8217;\u00e9tage une mezzanine disposant de 2 lits 80&#215;190. Equipement b\u00e9b\u00e9 sur demande. Le g\u00eete dispose d&#8217;une terrasse priv\u00e9e avec mobilier de jardin pour se d\u00e9tendre ou prendre ses repas en plein air. Barbecue individuel. Parking priv\u00e9 \u00e0 l&#8217;int\u00e9rieur de la propri\u00e9t\u00e9. Les animaux domestiques sont accept\u00e9s moyennant un suppl\u00e9ment. Les draps et les serviettes sont en option. Chevaux en paddock: 4\u20ac\/jour\/cheval.<\/span>[\/vc_column_text]<i class=\"fa left fa- fa-check-square-o faa-pulse animated \" style=\"color:#f40000;\"><\/i>\n                Taille du chalet : 39 m2[vc_empty_space height=&#8221;3px&#8221;]<i class=\"fa left fa- fa-check-square-o faa-pulse animated \" style=\"color:#f73900;\"><\/i>\n                1 chambre[vc_empty_space height=&#8221;3px&#8221;]<i class=\"fa left fa- fa-check-square-o faa-pulse animated \" style=\"color:#f73900;\"><\/i>\n                Capacit\u00e9 4\/6 pers.[vc_empty_space height=&#8221;3px&#8221;]<i class=\"fa left fa- fa-check-square-o faa-pulse animated \" style=\"color:#f73900;\"><\/i>\n                Cuisine \u00e9quip\u00e9e[vc_empty_space height=&#8221;3px&#8221;]<i class=\"fa left fa- fa-check-square-o faa-pulse animated \" style=\"color:#f73900;\"><\/i>\n                Animaux accept\u00e9s[vc_empty_space height=&#8221;10px&#8221;][vc_btn title=&#8221;RESERVEZ&#8221; color=&#8221;danger&#8221; size=&#8221;lg&#8221; i_icon_fontawesome=&#8221;fas fa-home&#8221; css_animation=&#8221;bounceInRight&#8221; add_icon=&#8221;true&#8221; link=&#8221;url:https%3A%2F%2Fbookingpremium.secureholiday.net%2Ffr%2F17818%2Fsearch%2Fproduct-list|title:Reservation%20Black%20Mountain%20Village|target:_blank&#8221;][\/vc_column_inner][\/vc_row_inner][\/vc_column][\/vc_row][vc_row full_width=&#8221;stretch_row_content&#8221; equal_height=&#8221;yes&#8221; content_placement=&#8221;middle&#8221;][vc_column width=&#8221;1\/2&#8243; offset=&#8221;vc_col-lg-3\/5 vc_col-md-12 vc_col-xs-12&#8243;]<div class=\"sc_section aligncenter\"><div class=\"sc_section_inner\"><div class=\"sc_section_content_wrap\">[vc_gallery type=&#8221;nivo&#8221; interval=&#8221;3&#8243; images=&#8221;1299,1319,1318,1317,1316,1315,1314,1313,1312,1310,1309,1308,1307,1306,1305,1304,1303,1302,1301,1300&#8243; img_size=&#8221;full&#8221; el_class=&#8221;pict-log&#8221;]<\/div><\/div><\/div>[\/vc_column][vc_column width=&#8221;1\/2&#8243; offset=&#8221;vc_col-lg-2\/5 vc_col-md-12 vc_col-xs-12&#8243;]<div class=\"sc_section\" style=\"max-width: 100%; height: auto;font-weight:400;\"><div class=\"sc_section_inner\"><h2 class=\"sc_section_title sc_item_title sc_item_title_without_descr\">Chalet N\u00b08<\/h2><div class=\"sc_section_content_wrap\"><\/div><\/div><\/div>[vc_row_inner content_placement=&#8221;top&#8221;][vc_column_inner width=&#8221;5\/6&#8243;][vc_column_text css=&#8221;.vc_custom_1688118065560{padding-bottom: 10px !important;}&#8221;]<span style=\"color: #993300;\">G\u00eete ind\u00e9pendant comprenant au rez-de-chauss\u00e9e: un s\u00e9jour avec un coin salon et une cuisine ouverte. Une premi\u00e8re chambre avec un lit en 140&#215;190. Une salle d&#8217;eau ind\u00e9pendante avec douche, lavabo et WC. A l&#8217;\u00e9tage une mezzanine disposant de 2 lits 80&#215;190. Equipement b\u00e9b\u00e9 sur demande. Le g\u00eete dispose d&#8217;une terrasse priv\u00e9e avec mobilier de jardin pour se d\u00e9tendre ou prendre ses repas en plein air. Barbecue individuel. Parking priv\u00e9 \u00e0 l&#8217;int\u00e9rieur de la propri\u00e9t\u00e9. Les animaux domestiques sont accept\u00e9s moyennant un suppl\u00e9ment. Les draps et les serviettes sont en option. Chevaux en paddock: 4\u20ac\/jour\/cheval.<\/span>[\/vc_column_text]<i class=\"fa left fa- fa-check-square-o faa-pulse animated \" style=\"color:#f40000;\"><\/i>\n                Taille du chalet : 39 m2[vc_empty_space height=&#8221;3px&#8221;]<i class=\"fa left fa- fa-check-square-o faa-pulse animated \" style=\"color:#f73900;\"><\/i>\n                1 chambre[vc_empty_space height=&#8221;3px&#8221;]<i class=\"fa left fa- fa-check-square-o faa-pulse animated \" style=\"color:#f73900;\"><\/i>\n                Capacit\u00e9 4\/6 pers.[vc_empty_space height=&#8221;3px&#8221;]<i class=\"fa left fa- fa-check-square-o faa-pulse animated \" style=\"color:#f73900;\"><\/i>\n                Cuisine \u00e9quip\u00e9e[vc_empty_space height=&#8221;3px&#8221;]<i class=\"fa left fa- fa-check-square-o faa-pulse animated \" style=\"color:#f73900;\"><\/i>\n                Animaux accept\u00e9s[vc_empty_space height=&#8221;10px&#8221;][vc_btn title=&#8221;RESERVEZ&#8221; color=&#8221;danger&#8221; size=&#8221;lg&#8221; i_icon_fontawesome=&#8221;fas fa-home&#8221; css_animation=&#8221;bounceInRight&#8221; add_icon=&#8221;true&#8221; link=&#8221;url:https%3A%2F%2Fbookingpremium.secureholiday.net%2Ffr%2F17818%2Fsearch%2Fproduct-list|title:Reservation%20Black%20Mountain%20Village|target:_blank&#8221;][\/vc_column_inner][\/vc_row_inner][\/vc_column][\/vc_row][vc_row full_width=&#8221;stretch_row_content&#8221; equal_height=&#8221;yes&#8221; content_placement=&#8221;middle&#8221;][vc_column width=&#8221;1\/2&#8243; offset=&#8221;vc_col-lg-3\/5 vc_col-md-12 vc_col-xs-12&#8243;]<div class=\"sc_section aligncenter\"><div class=\"sc_section_inner\"><div class=\"sc_section_content_wrap\">[vc_gallery type=&#8221;nivo&#8221; interval=&#8221;3&#8243; images=&#8221;1299,1319,1318,1317,1316,1315,1314,1313,1312,1310,1309,1308,1307,1306,1305,1304,1303,1302,1301,1300&#8243; img_size=&#8221;full&#8221; el_class=&#8221;pict-log&#8221;]<\/div><\/div><\/div>[\/vc_column][vc_column width=&#8221;1\/2&#8243; offset=&#8221;vc_col-lg-2\/5 vc_col-md-12 vc_col-xs-12&#8243;]<div class=\"sc_section\" style=\"max-width: 100%; height: auto;font-weight:400;\"><div class=\"sc_section_inner\"><h2 class=\"sc_section_title sc_item_title sc_item_title_without_descr\">Chalet N\u00b09<\/h2><div class=\"sc_section_content_wrap\"><\/div><\/div><\/div>[vc_row_inner content_placement=&#8221;top&#8221;][vc_column_inner width=&#8221;5\/6&#8243;][vc_column_text css=&#8221;.vc_custom_1688118075011{padding-bottom: 10px !important;}&#8221;]<span style=\"color: #993300;\">G\u00eete ind\u00e9pendant comprenant au rez-de-chauss\u00e9e: un s\u00e9jour avec un coin salon et une cuisine ouverte. Une premi\u00e8re chambre avec un lit en 140&#215;190. Une salle d&#8217;eau ind\u00e9pendante avec douche, lavabo et WC. A l&#8217;\u00e9tage une mezzanine disposant de 2 lits 80&#215;190. Equipement b\u00e9b\u00e9 sur demande. Le g\u00eete dispose d&#8217;une terrasse priv\u00e9e avec mobilier de jardin pour se d\u00e9tendre ou prendre ses repas en plein air. Barbecue individuel. Parking priv\u00e9 \u00e0 l&#8217;int\u00e9rieur de la propri\u00e9t\u00e9. Les animaux domestiques sont accept\u00e9s moyennant un suppl\u00e9ment. Les draps et les serviettes sont en option. Chevaux en paddock: 4\u20ac\/jour\/cheval.<\/span>[\/vc_column_text]<i class=\"fa left fa- fa-check-square-o faa-pulse animated \" style=\"color:#f40000;\"><\/i>\n                Taille du chalet : 39 m2[vc_empty_space height=&#8221;3px&#8221;]<i class=\"fa left fa- fa-check-square-o faa-pulse animated \" style=\"color:#f73900;\"><\/i>\n                1 chambre[vc_empty_space height=&#8221;3px&#8221;]<i class=\"fa left fa- fa-check-square-o faa-pulse animated \" style=\"color:#f73900;\"><\/i>\n                Capacit\u00e9 4\/6 pers.[vc_empty_space height=&#8221;3px&#8221;]<i class=\"fa left fa- fa-check-square-o faa-pulse animated \" style=\"color:#f73900;\"><\/i>\n                Cuisine \u00e9quip\u00e9e[vc_empty_space height=&#8221;3px&#8221;]<i class=\"fa left fa- fa-check-square-o faa-pulse animated \" style=\"color:#f73900;\"><\/i>\n                Animaux accept\u00e9s[vc_empty_space height=&#8221;10px&#8221;][vc_btn title=&#8221;RESERVEZ&#8221; color=&#8221;danger&#8221; size=&#8221;lg&#8221; i_icon_fontawesome=&#8221;fas fa-home&#8221; css_animation=&#8221;bounceInRight&#8221; add_icon=&#8221;true&#8221; link=&#8221;url:https%3A%2F%2Fbookingpremium.secureholiday.net%2Ffr%2F17818%2Fsearch%2Fproduct-list|title:Reservation%20Black%20Mountain%20Village|target:_blank&#8221;][\/vc_column_inner][\/vc_row_inner][\/vc_column][\/vc_row]<\/p>\n<\/section>","protected":false},"excerpt":{"rendered":"<p>[vc_row full_width=&#8221;stretch_row_content&#8221; equal_height=&#8221;yes&#8221; content_placement=&#8221;middle&#8221;][vc_column width=&#8221;1\/2&#8243; offset=&#8221;vc_col-lg-3\/5 vc_col-md-12 vc_col-xs-12&#8243;][\/vc_column][vc_column width=&#8221;1\/2&#8243; offset=&#8221;vc_col-lg-2\/5 vc_col-md-12 vc_col-xs-12&#8243;][\/vc_column][\/vc_row][vc_row full_width=&#8221;stretch_row_content&#8221; equal_height=&#8221;yes&#8221; content_placement=&#8221;middle&#8221;][vc_column width=&#8221;1\/2&#8243; offset=&#8221;vc_col-lg-3\/5 vc_col-md-12 vc_col-xs-12&#8243;][\/vc_column][vc_column width=&#8221;1\/2&#8243; offset=&#8221;vc_col-lg-2\/5 vc_col-md-12 vc_col-xs-12&#8243;][vc_row_inner content_placement=&#8221;top&#8221;][vc_column_inner width=&#8221;5\/6&#8243;][vc_column_text css=&#8221;.vc_custom_1688118053145{padding-bottom: 10px !important;}&#8221;]G\u00eete ind\u00e9pendant comprenant [&hellip;]<\/p>\n","protected":false},"author":1,"featured_media":0,"parent":0,"menu_order":0,"comment_status":"closed","ping_status":"closed","template":"","meta":{"footnotes":""},"class_list":["post-1110","page","type-page","status-publish","hentry"],"_links":{"self":[{"href":"https:\/\/blackmountainvillage.com\/index.php\/wp-json\/wp\/v2\/pages\/1110","targetHints":{"allow":["GET"]}}],"collection":[{"href":"https:\/\/blackmountainvillage.com\/index.php\/wp-json\/wp\/v2\/pages"}],"about":[{"href":"https:\/\/blackmountainvillage.com\/index.php\/wp-json\/wp\/v2\/types\/page"}],"author":[{"embeddable":true,"href":"https:\/\/blackmountainvillage.com\/index.php\/wp-json\/wp\/v2\/users\/1"}],"replies":[{"embeddable":true,"href":"https:\/\/blackmountainvillage.com\/index.php\/wp-json\/wp\/v2\/comments?post=1110"}],"version-history":[{"count":0,"href":"https:\/\/blackmountainvillage.com\/index.php\/wp-json\/wp\/v2\/pages\/1110\/revisions"}],"wp:attachment":[{"href":"https:\/\/blackmountainvillage.com\/index.php\/wp-json\/wp\/v2\/media?parent=1110"}],"curies":[{"name":"wp","href":"https:\/\/api.w.org\/{rel}","templated":true}]}}